{"id":8178,"date":"2025-09-27T20:20:39","date_gmt":"2025-09-27T20:20:39","guid":{"rendered":"https:\/\/proplaystore.lu\/?post_type=product&#038;p=8178"},"modified":"2025-09-27T20:22:26","modified_gmt":"2025-09-27T20:22:26","slug":"wd_black-sn7100-1-to-nvme-ssd-m-2-2280-vitesse-de-lecture-ecriture-jusqua-7250-6900-mb-s-next-gen-tlc-3d-nand-dashboard-parfaite-avec-les-ordinateurs-et-systemes-gaming-portables-copy","status":"publish","type":"product","link":"https:\/\/proplaystore.lu\/index.php\/produit\/wd_black-sn7100-1-to-nvme-ssd-m-2-2280-vitesse-de-lecture-ecriture-jusqua-7250-6900-mb-s-next-gen-tlc-3d-nand-dashboard-parfaite-avec-les-ordinateurs-et-systemes-gaming-portables-copy\/","title":{"rendered":"WD_BLACK SN7100 1 To NVMe SSD, M.2 2280, Vitesse de Lecture\/\u00c9criture jusqu&#8217;\u00e0 7250\/6900 MB\/s, Next Gen TLC 3D NAND, Dashboard, Parfaite avec Les Ordinateurs et syst\u00e8mes Gaming Portables (Copy)"},"content":{"rendered":"<h2 data-start=\"1558\" data-end=\"1580\"><strong data-start=\"1561\" data-end=\"1580\">Fiche technique<\/strong><\/h2>\n<table class=\"a-normal a-spacing-micro\" role=\"list\">\n<tbody>\n<tr class=\"a-spacing-small po-digital_storage_capacity\" role=\"listitem\">\n<td class=\"a-span3\" role=\"presentation\"><span class=\"a-size-base a-text-bold\">Capacit\u00e9 du stockage num\u00e9rique<\/span><\/td>\n<td class=\"a-span9\" role=\"presentation\"><span class=\"a-size-base po-break-word\">1 To<\/span><\/td>\n<\/tr>\n<tr class=\"a-spacing-small po-hard_disk.interface\" role=\"listitem\">\n<td class=\"a-span3\" role=\"presentation\"><span class=\"a-size-base a-text-bold\">Interface du disque dur<\/span><\/td>\n<td class=\"a-span9\" role=\"presentation\"><span class=\"a-size-base po-break-word\">PCIE x 4<\/span><\/td>\n<\/tr>\n<tr class=\"a-spacing-small po-connectivity_technology\" role=\"listitem\">\n<td class=\"a-span3\" role=\"presentation\"><span class=\"a-size-base a-text-bold\">Technologie de connectivit\u00e9<\/span><\/td>\n<td class=\"a-span9\" role=\"presentation\"><span class=\"a-size-base po-break-word\">NVMe<\/span><\/td>\n<\/tr>\n<tr class=\"a-spacing-small po-brand\" role=\"listitem\">\n<td class=\"a-span3\" role=\"presentation\"><span class=\"a-size-base a-text-bold\">Marque<\/span><\/td>\n<td class=\"a-span9\" role=\"presentation\"><span class=\"a-size-base po-break-word\">WD_BLACK<\/span><\/td>\n<\/tr>\n<tr class=\"a-spacing-small po-special_feature\" role=\"listitem\">\n<td class=\"a-span3\" role=\"presentation\"><span class=\"a-size-base a-text-bold\">Caract\u00e9ristique sp\u00e9ciale<\/span><\/td>\n<td class=\"a-span9\" role=\"presentation\"><span class=\"a-size-base po-break-word\">R\u00e9trocompatible<\/span><\/td>\n<\/tr>\n<tr class=\"a-spacing-small po-hard_disk_form_factor\" role=\"listitem\">\n<td class=\"a-span3\" role=\"presentation\"><span class=\"a-size-base a-text-bold\">Facteur de forme du disque dur<\/span><\/td>\n<td class=\"a-span9\" role=\"presentation\"><span class=\"a-size-base po-break-word\">2280 Pouces<\/span><\/td>\n<\/tr>\n<tr class=\"a-spacing-small po-hard_disk.description\" role=\"listitem\">\n<td class=\"a-span3\" role=\"presentation\"><span class=\"a-size-base a-text-bold\">Description du disque dur<\/span><\/td>\n<td class=\"a-span9\" role=\"presentation\"><span class=\"a-size-base po-break-word\">Disque SSD<\/span><\/td>\n<\/tr>\n<tr class=\"a-spacing-small po-compatible_devices\" role=\"listitem\">\n<td class=\"a-span3\" role=\"presentation\"><span class=\"a-size-base a-text-bold\">Appareils compatibles<\/span><\/td>\n<td class=\"a-span9\" role=\"presentation\"><span class=\"a-size-base po-break-word\">Ordinateur<\/span><\/td>\n<\/tr>\n<tr class=\"a-spacing-small po-installation_type\" role=\"listitem\">\n<td class=\"a-span3\" role=\"presentation\"><span class=\"a-size-base a-text-bold\">Type d&#8217;installation<\/span><\/td>\n<td class=\"a-span9\" role=\"presentation\"><span class=\"a-size-base po-break-word\">Disque dur interne<\/span><\/td>\n<\/tr>\n<tr class=\"a-spacing-small po-color\" role=\"listitem\">\n<td class=\"a-span3\" role=\"presentation\"><span class=\"a-size-base a-text-bold\">Couleur<\/span><\/td>\n<td class=\"a-span9\" role=\"presentation\"><span class=\"a-size-base po-break-word\">black<\/span><\/td>\n<\/tr>\n<\/tbody>\n<\/table>\n<p>&nbsp;<\/p>\n<p>&nbsp;<\/p>\n","protected":false},"excerpt":{"rendered":"<ul class=\"a-unordered-list a-vertical\">\n<li class=\"a-spacing-mini\"><span class=\"a-list-item\">POUR LES GAMERS EXIGEANTS. B\u00e9n\u00e9ficiez de performances hors du commun avec jusqu\u2019\u00e0 7250 Mo\/s en lecture et 6900 Mo\/s en \u00e9criture (versions 1 et 2 To), soit un disque jusqu\u2019\u00e0 35 % plus rapide que la g\u00e9n\u00e9ration pr\u00e9c\u00e9dente.<\/span><\/li>\n<li class=\"a-spacing-mini\"><span class=\"a-list-item\">UNE CONCEPTION SOIGN\u00c9E. Con\u00e7u pour les gamers nomades qui ne font aucun compromis sur les performances, avec une interface PCIe Gen4 et la technologie TLC 3D NAND de nouvelle g\u00e9n\u00e9ration sign\u00e9e Western Digital.<\/span><\/li>\n<li class=\"a-spacing-mini\"><span class=\"a-list-item\">PLUS D\u2019ESPACE POUR VOS JEUX PR\u00c9F\u00c9R\u00c9S ET POUR LES NOUVEAUT\u00c9S. Disponible en plusieurs versions allant jusqu\u2019\u00e0 2 To. Passez \u00e0 un SSD qui vous offre un vaste espace de stockage.<\/span><\/li>\n<li class=\"a-spacing-mini\"><span class=\"a-list-item\">NE TOMBEZ JAMAIS \u00c0 COURT DE BATTERIE AU PIRE MOMENT. Con\u00e7u pour les ordinateurs portables et les appareils gaming nomades, jusqu\u2019\u00e0 100 % plus efficace sur le plan \u00e9nerg\u00e9tique par rapport \u00e0 la g\u00e9n\u00e9ration pr\u00e9c\u00e9dente.<\/span><\/li>\n<li class=\"a-spacing-mini\"><span class=\"a-list-item\">FAITES-EN PLUS AVEC LE DASHBOARD. Assurez-vous que votre disque soit parfaitement optimis\u00e9 avec le WD_BLACK Dashboard t\u00e9l\u00e9chargeable (Windows uniquement).<\/span><\/li>\n<\/ul>\n","protected":false},"featured_media":8143,"comment_status":"open","ping_status":"closed","template":"","meta":[],"product_brand":[],"product_cat":[69],"product_tag":[74],"class_list":{"0":"post-8178","1":"product","2":"type-product","3":"status-publish","4":"has-post-thumbnail","6":"product_cat-stockage","7":"product_tag-ssd","9":"first","10":"instock","11":"shipping-taxable","12":"purchasable","13":"product-type-simple"},"yoast_head":"<!-- This site is optimized with the Yoast SEO plugin v26.4 - https:\/\/yoast.com\/wordpress\/plugins\/seo\/ -->\n<title>WD_BLACK SN7100 1 To NVMe SSD, M.2 2280, Vitesse de Lecture\/\u00c9criture jusqu&#039;\u00e0 7250\/6900 MB\/s, Next Gen TLC 3D NAND, Dashboard, Parfaite avec Les Ordinateurs et syst\u00e8mes Gaming Portables (Copy) - ProPlaystore<\/title>\n<meta name=\"robots\" content=\"index, follow, max-snippet:-1, max-image-preview:large, max-video-preview:-1\" \/>\n<link rel=\"canonical\" href=\"https:\/\/proplaystore.lu\/index.php\/produit\/wd_black-sn7100-1-to-nvme-ssd-m-2-2280-vitesse-de-lecture-ecriture-jusqua-7250-6900-mb-s-next-gen-tlc-3d-nand-dashboard-parfaite-avec-les-ordinateurs-et-systemes-gaming-portables-copy\/\" \/>\n<meta property=\"og:locale\" content=\"en_US\" \/>\n<meta property=\"og:type\" content=\"article\" \/>\n<meta property=\"og:title\" content=\"WD_BLACK SN7100 1 To NVMe SSD, M.2 2280, Vitesse de Lecture\/\u00c9criture jusqu&#039;\u00e0 7250\/6900 MB\/s, Next Gen TLC 3D NAND, Dashboard, Parfaite avec Les Ordinateurs et syst\u00e8mes Gaming Portables (Copy) - ProPlaystore\" \/>\n<meta property=\"og:description\" content=\"POUR LES GAMERS EXIGEANTS. B\u00e9n\u00e9ficiez de performances hors du commun avec jusqu\u2019\u00e0 7250 Mo\/s en lecture et 6900 Mo\/s en \u00e9criture (versions 1 et 2 To), soit un disque jusqu\u2019\u00e0 35 % plus rapide que la g\u00e9n\u00e9ration pr\u00e9c\u00e9dente.  UNE CONCEPTION SOIGN\u00c9E. Con\u00e7u pour les gamers nomades qui ne font aucun compromis sur les performances, avec une interface PCIe Gen4 et la technologie TLC 3D NAND de nouvelle g\u00e9n\u00e9ration sign\u00e9e Western Digital.  PLUS D\u2019ESPACE POUR VOS JEUX PR\u00c9F\u00c9R\u00c9S ET POUR LES NOUVEAUT\u00c9S. Disponible en plusieurs versions allant jusqu\u2019\u00e0 2 To. Passez \u00e0 un SSD qui vous offre un vaste espace de stockage.  NE TOMBEZ JAMAIS \u00c0 COURT DE BATTERIE AU PIRE MOMENT. Con\u00e7u pour les ordinateurs portables et les appareils gaming nomades, jusqu\u2019\u00e0 100 % plus efficace sur le plan \u00e9nerg\u00e9tique par rapport \u00e0 la g\u00e9n\u00e9ration pr\u00e9c\u00e9dente.  FAITES-EN PLUS AVEC LE DASHBOARD. Assurez-vous que votre disque soit parfaitement optimis\u00e9 avec le WD_BLACK Dashboard t\u00e9l\u00e9chargeable (Windows uniquement).\" \/>\n<meta property=\"og:url\" content=\"https:\/\/proplaystore.lu\/index.php\/produit\/wd_black-sn7100-1-to-nvme-ssd-m-2-2280-vitesse-de-lecture-ecriture-jusqua-7250-6900-mb-s-next-gen-tlc-3d-nand-dashboard-parfaite-avec-les-ordinateurs-et-systemes-gaming-portables-copy\/\" \/>\n<meta property=\"og:site_name\" content=\"ProPlaystore\" \/>\n<meta property=\"article:modified_time\" content=\"2025-09-27T20:22:26+00:00\" \/>\n<meta property=\"og:image\" content=\"https:\/\/proplaystore.lu\/wp-content\/uploads\/2025\/08\/516yn6znnLL._AC_SY450_.jpg\" \/>\n\t<meta property=\"og:image:width\" content=\"1609\" \/>\n\t<meta property=\"og:image:height\" content=\"450\" \/>\n\t<meta property=\"og:image:type\" content=\"image\/jpeg\" \/>\n<meta name=\"twitter:card\" content=\"summary_large_image\" \/>\n<meta name=\"twitter:label1\" content=\"Est. reading time\" \/>\n\t<meta name=\"twitter:data1\" content=\"1 minute\" \/>\n<script type=\"application\/ld+json\" class=\"yoast-schema-graph\">{\"@context\":\"https:\/\/schema.org\",\"@graph\":[{\"@type\":\"WebPage\",\"@id\":\"https:\/\/proplaystore.lu\/index.php\/produit\/wd_black-sn7100-1-to-nvme-ssd-m-2-2280-vitesse-de-lecture-ecriture-jusqua-7250-6900-mb-s-next-gen-tlc-3d-nand-dashboard-parfaite-avec-les-ordinateurs-et-systemes-gaming-portables-copy\/\",\"url\":\"https:\/\/proplaystore.lu\/index.php\/produit\/wd_black-sn7100-1-to-nvme-ssd-m-2-2280-vitesse-de-lecture-ecriture-jusqua-7250-6900-mb-s-next-gen-tlc-3d-nand-dashboard-parfaite-avec-les-ordinateurs-et-systemes-gaming-portables-copy\/\",\"name\":\"WD_BLACK SN7100 1 To NVMe SSD, M.2 2280, Vitesse de Lecture\/\u00c9criture jusqu'\u00e0 7250\/6900 MB\/s, Next Gen TLC 3D NAND, Dashboard, Parfaite avec Les Ordinateurs et syst\u00e8mes Gaming Portables (Copy) - ProPlaystore\",\"isPartOf\":{\"@id\":\"https:\/\/proplaystore.lu\/#website\"},\"primaryImageOfPage\":{\"@id\":\"https:\/\/proplaystore.lu\/index.php\/produit\/wd_black-sn7100-1-to-nvme-ssd-m-2-2280-vitesse-de-lecture-ecriture-jusqua-7250-6900-mb-s-next-gen-tlc-3d-nand-dashboard-parfaite-avec-les-ordinateurs-et-systemes-gaming-portables-copy\/#primaryimage\"},\"image\":{\"@id\":\"https:\/\/proplaystore.lu\/index.php\/produit\/wd_black-sn7100-1-to-nvme-ssd-m-2-2280-vitesse-de-lecture-ecriture-jusqua-7250-6900-mb-s-next-gen-tlc-3d-nand-dashboard-parfaite-avec-les-ordinateurs-et-systemes-gaming-portables-copy\/#primaryimage\"},\"thumbnailUrl\":\"https:\/\/proplaystore.lu\/wp-content\/uploads\/2025\/08\/516yn6znnLL._AC_SY450_.jpg\",\"datePublished\":\"2025-09-27T20:20:39+00:00\",\"dateModified\":\"2025-09-27T20:22:26+00:00\",\"breadcrumb\":{\"@id\":\"https:\/\/proplaystore.lu\/index.php\/produit\/wd_black-sn7100-1-to-nvme-ssd-m-2-2280-vitesse-de-lecture-ecriture-jusqua-7250-6900-mb-s-next-gen-tlc-3d-nand-dashboard-parfaite-avec-les-ordinateurs-et-systemes-gaming-portables-copy\/#breadcrumb\"},\"inLanguage\":\"en-US\",\"potentialAction\":[{\"@type\":\"ReadAction\",\"target\":[\"https:\/\/proplaystore.lu\/index.php\/produit\/wd_black-sn7100-1-to-nvme-ssd-m-2-2280-vitesse-de-lecture-ecriture-jusqua-7250-6900-mb-s-next-gen-tlc-3d-nand-dashboard-parfaite-avec-les-ordinateurs-et-systemes-gaming-portables-copy\/\"]}]},{\"@type\":\"ImageObject\",\"inLanguage\":\"en-US\",\"@id\":\"https:\/\/proplaystore.lu\/index.php\/produit\/wd_black-sn7100-1-to-nvme-ssd-m-2-2280-vitesse-de-lecture-ecriture-jusqua-7250-6900-mb-s-next-gen-tlc-3d-nand-dashboard-parfaite-avec-les-ordinateurs-et-systemes-gaming-portables-copy\/#primaryimage\",\"url\":\"https:\/\/proplaystore.lu\/wp-content\/uploads\/2025\/08\/516yn6znnLL._AC_SY450_.jpg\",\"contentUrl\":\"https:\/\/proplaystore.lu\/wp-content\/uploads\/2025\/08\/516yn6znnLL._AC_SY450_.jpg\",\"width\":1609,\"height\":450},{\"@type\":\"BreadcrumbList\",\"@id\":\"https:\/\/proplaystore.lu\/index.php\/produit\/wd_black-sn7100-1-to-nvme-ssd-m-2-2280-vitesse-de-lecture-ecriture-jusqua-7250-6900-mb-s-next-gen-tlc-3d-nand-dashboard-parfaite-avec-les-ordinateurs-et-systemes-gaming-portables-copy\/#breadcrumb\",\"itemListElement\":[{\"@type\":\"ListItem\",\"position\":1,\"name\":\"Accueil\",\"item\":\"https:\/\/proplaystore.lu\/\"},{\"@type\":\"ListItem\",\"position\":2,\"name\":\"Shop\",\"item\":\"https:\/\/proplaystore.lu\/index.php\/shop\/\"},{\"@type\":\"ListItem\",\"position\":3,\"name\":\"WD_BLACK SN7100 1 To NVMe SSD, M.2 2280, Vitesse de Lecture\/\u00c9criture jusqu&#8217;\u00e0 7250\/6900 MB\/s, Next Gen TLC 3D NAND, Dashboard, Parfaite avec Les Ordinateurs et syst\u00e8mes Gaming Portables (Copy)\"}]},{\"@type\":\"WebSite\",\"@id\":\"https:\/\/proplaystore.lu\/#website\",\"url\":\"https:\/\/proplaystore.lu\/\",\"name\":\"ProPlaystore\",\"description\":\"proplaysre\",\"potentialAction\":[{\"@type\":\"SearchAction\",\"target\":{\"@type\":\"EntryPoint\",\"urlTemplate\":\"https:\/\/proplaystore.lu\/?s={search_term_string}\"},\"query-input\":{\"@type\":\"PropertyValueSpecification\",\"valueRequired\":true,\"valueName\":\"search_term_string\"}}],\"inLanguage\":\"en-US\"}]}<\/script>\n<!-- \/ Yoast SEO plugin. -->","yoast_head_json":{"title":"WD_BLACK SN7100 1 To NVMe SSD, M.2 2280, Vitesse de Lecture\/\u00c9criture jusqu'\u00e0 7250\/6900 MB\/s, Next Gen TLC 3D NAND, Dashboard, Parfaite avec Les Ordinateurs et syst\u00e8mes Gaming Portables (Copy) - ProPlaystore","robots":{"index":"index","follow":"follow","max-snippet":"max-snippet:-1","max-image-preview":"max-image-preview:large","max-video-preview":"max-video-preview:-1"},"canonical":"https:\/\/proplaystore.lu\/index.php\/produit\/wd_black-sn7100-1-to-nvme-ssd-m-2-2280-vitesse-de-lecture-ecriture-jusqua-7250-6900-mb-s-next-gen-tlc-3d-nand-dashboard-parfaite-avec-les-ordinateurs-et-systemes-gaming-portables-copy\/","og_locale":"en_US","og_type":"article","og_title":"WD_BLACK SN7100 1 To NVMe SSD, M.2 2280, Vitesse de Lecture\/\u00c9criture jusqu'\u00e0 7250\/6900 MB\/s, Next Gen TLC 3D NAND, Dashboard, Parfaite avec Les Ordinateurs et syst\u00e8mes Gaming Portables (Copy) - ProPlaystore","og_description":"POUR LES GAMERS EXIGEANTS. B\u00e9n\u00e9ficiez de performances hors du commun avec jusqu\u2019\u00e0 7250 Mo\/s en lecture et 6900 Mo\/s en \u00e9criture (versions 1 et 2 To), soit un disque jusqu\u2019\u00e0 35 % plus rapide que la g\u00e9n\u00e9ration pr\u00e9c\u00e9dente.  UNE CONCEPTION SOIGN\u00c9E. Con\u00e7u pour les gamers nomades qui ne font aucun compromis sur les performances, avec une interface PCIe Gen4 et la technologie TLC 3D NAND de nouvelle g\u00e9n\u00e9ration sign\u00e9e Western Digital.  PLUS D\u2019ESPACE POUR VOS JEUX PR\u00c9F\u00c9R\u00c9S ET POUR LES NOUVEAUT\u00c9S. Disponible en plusieurs versions allant jusqu\u2019\u00e0 2 To. Passez \u00e0 un SSD qui vous offre un vaste espace de stockage.  NE TOMBEZ JAMAIS \u00c0 COURT DE BATTERIE AU PIRE MOMENT. Con\u00e7u pour les ordinateurs portables et les appareils gaming nomades, jusqu\u2019\u00e0 100 % plus efficace sur le plan \u00e9nerg\u00e9tique par rapport \u00e0 la g\u00e9n\u00e9ration pr\u00e9c\u00e9dente.  FAITES-EN PLUS AVEC LE DASHBOARD. Assurez-vous que votre disque soit parfaitement optimis\u00e9 avec le WD_BLACK Dashboard t\u00e9l\u00e9chargeable (Windows uniquement).","og_url":"https:\/\/proplaystore.lu\/index.php\/produit\/wd_black-sn7100-1-to-nvme-ssd-m-2-2280-vitesse-de-lecture-ecriture-jusqua-7250-6900-mb-s-next-gen-tlc-3d-nand-dashboard-parfaite-avec-les-ordinateurs-et-systemes-gaming-portables-copy\/","og_site_name":"ProPlaystore","article_modified_time":"2025-09-27T20:22:26+00:00","og_image":[{"width":1609,"height":450,"url":"https:\/\/proplaystore.lu\/wp-content\/uploads\/2025\/08\/516yn6znnLL._AC_SY450_.jpg","type":"image\/jpeg"}],"twitter_card":"summary_large_image","twitter_misc":{"Est. reading time":"1 minute"},"schema":{"@context":"https:\/\/schema.org","@graph":[{"@type":"WebPage","@id":"https:\/\/proplaystore.lu\/index.php\/produit\/wd_black-sn7100-1-to-nvme-ssd-m-2-2280-vitesse-de-lecture-ecriture-jusqua-7250-6900-mb-s-next-gen-tlc-3d-nand-dashboard-parfaite-avec-les-ordinateurs-et-systemes-gaming-portables-copy\/","url":"https:\/\/proplaystore.lu\/index.php\/produit\/wd_black-sn7100-1-to-nvme-ssd-m-2-2280-vitesse-de-lecture-ecriture-jusqua-7250-6900-mb-s-next-gen-tlc-3d-nand-dashboard-parfaite-avec-les-ordinateurs-et-systemes-gaming-portables-copy\/","name":"WD_BLACK SN7100 1 To NVMe SSD, M.2 2280, Vitesse de Lecture\/\u00c9criture jusqu'\u00e0 7250\/6900 MB\/s, Next Gen TLC 3D NAND, Dashboard, Parfaite avec Les Ordinateurs et syst\u00e8mes Gaming Portables (Copy) - ProPlaystore","isPartOf":{"@id":"https:\/\/proplaystore.lu\/#website"},"primaryImageOfPage":{"@id":"https:\/\/proplaystore.lu\/index.php\/produit\/wd_black-sn7100-1-to-nvme-ssd-m-2-2280-vitesse-de-lecture-ecriture-jusqua-7250-6900-mb-s-next-gen-tlc-3d-nand-dashboard-parfaite-avec-les-ordinateurs-et-systemes-gaming-portables-copy\/#primaryimage"},"image":{"@id":"https:\/\/proplaystore.lu\/index.php\/produit\/wd_black-sn7100-1-to-nvme-ssd-m-2-2280-vitesse-de-lecture-ecriture-jusqua-7250-6900-mb-s-next-gen-tlc-3d-nand-dashboard-parfaite-avec-les-ordinateurs-et-systemes-gaming-portables-copy\/#primaryimage"},"thumbnailUrl":"https:\/\/proplaystore.lu\/wp-content\/uploads\/2025\/08\/516yn6znnLL._AC_SY450_.jpg","datePublished":"2025-09-27T20:20:39+00:00","dateModified":"2025-09-27T20:22:26+00:00","breadcrumb":{"@id":"https:\/\/proplaystore.lu\/index.php\/produit\/wd_black-sn7100-1-to-nvme-ssd-m-2-2280-vitesse-de-lecture-ecriture-jusqua-7250-6900-mb-s-next-gen-tlc-3d-nand-dashboard-parfaite-avec-les-ordinateurs-et-systemes-gaming-portables-copy\/#breadcrumb"},"inLanguage":"en-US","potentialAction":[{"@type":"ReadAction","target":["https:\/\/proplaystore.lu\/index.php\/produit\/wd_black-sn7100-1-to-nvme-ssd-m-2-2280-vitesse-de-lecture-ecriture-jusqua-7250-6900-mb-s-next-gen-tlc-3d-nand-dashboard-parfaite-avec-les-ordinateurs-et-systemes-gaming-portables-copy\/"]}]},{"@type":"ImageObject","inLanguage":"en-US","@id":"https:\/\/proplaystore.lu\/index.php\/produit\/wd_black-sn7100-1-to-nvme-ssd-m-2-2280-vitesse-de-lecture-ecriture-jusqua-7250-6900-mb-s-next-gen-tlc-3d-nand-dashboard-parfaite-avec-les-ordinateurs-et-systemes-gaming-portables-copy\/#primaryimage","url":"https:\/\/proplaystore.lu\/wp-content\/uploads\/2025\/08\/516yn6znnLL._AC_SY450_.jpg","contentUrl":"https:\/\/proplaystore.lu\/wp-content\/uploads\/2025\/08\/516yn6znnLL._AC_SY450_.jpg","width":1609,"height":450},{"@type":"BreadcrumbList","@id":"https:\/\/proplaystore.lu\/index.php\/produit\/wd_black-sn7100-1-to-nvme-ssd-m-2-2280-vitesse-de-lecture-ecriture-jusqua-7250-6900-mb-s-next-gen-tlc-3d-nand-dashboard-parfaite-avec-les-ordinateurs-et-systemes-gaming-portables-copy\/#breadcrumb","itemListElement":[{"@type":"ListItem","position":1,"name":"Accueil","item":"https:\/\/proplaystore.lu\/"},{"@type":"ListItem","position":2,"name":"Shop","item":"https:\/\/proplaystore.lu\/index.php\/shop\/"},{"@type":"ListItem","position":3,"name":"WD_BLACK SN7100 1 To NVMe SSD, M.2 2280, Vitesse de Lecture\/\u00c9criture jusqu&#8217;\u00e0 7250\/6900 MB\/s, Next Gen TLC 3D NAND, Dashboard, Parfaite avec Les Ordinateurs et syst\u00e8mes Gaming Portables (Copy)"}]},{"@type":"WebSite","@id":"https:\/\/proplaystore.lu\/#website","url":"https:\/\/proplaystore.lu\/","name":"ProPlaystore","description":"proplaysre","potentialAction":[{"@type":"SearchAction","target":{"@type":"EntryPoint","urlTemplate":"https:\/\/proplaystore.lu\/?s={search_term_string}"},"query-input":{"@type":"PropertyValueSpecification","valueRequired":true,"valueName":"search_term_string"}}],"inLanguage":"en-US"}]}},"_links":{"self":[{"href":"https:\/\/proplaystore.lu\/index.php\/wp-json\/wp\/v2\/product\/8178","targetHints":{"allow":["GET"]}}],"collection":[{"href":"https:\/\/proplaystore.lu\/index.php\/wp-json\/wp\/v2\/product"}],"about":[{"href":"https:\/\/proplaystore.lu\/index.php\/wp-json\/wp\/v2\/types\/product"}],"replies":[{"embeddable":true,"href":"https:\/\/proplaystore.lu\/index.php\/wp-json\/wp\/v2\/comments?post=8178"}],"wp:featuredmedia":[{"embeddable":true,"href":"https:\/\/proplaystore.lu\/index.php\/wp-json\/wp\/v2\/media\/8143"}],"wp:attachment":[{"href":"https:\/\/proplaystore.lu\/index.php\/wp-json\/wp\/v2\/media?parent=8178"}],"wp:term":[{"taxonomy":"product_brand","embeddable":true,"href":"https:\/\/proplaystore.lu\/index.php\/wp-json\/wp\/v2\/product_brand?post=8178"},{"taxonomy":"product_cat","embeddable":true,"href":"https:\/\/proplaystore.lu\/index.php\/wp-json\/wp\/v2\/product_cat?post=8178"},{"taxonomy":"product_tag","embeddable":true,"href":"https:\/\/proplaystore.lu\/index.php\/wp-json\/wp\/v2\/product_tag?post=8178"}],"curies":[{"name":"wp","href":"https:\/\/api.w.org\/{rel}","templated":true}]}}